{"id":852,"date":"2022-01-03T22:33:28","date_gmt":"2022-01-04T03:33:28","guid":{"rendered":"https:\/\/candance.ca\/the-creative-exchange-project\/"},"modified":"2025-03-13T12:19:52","modified_gmt":"2025-03-13T16:19:52","slug":"le-projet-dechange-en-creation","status":"publish","type":"page","link":"https:\/\/candance.ca\/fr\/le-projet-dechange-en-creation\/","title":{"rendered":"Le Projet d\u2019\u00e9change en cr\u00e9ation"},"content":{"rendered":"\n<div class=\"wp-block-media-text alignfull has-media-on-the-right is-stacked-on-mobile is-image-fill-element has-white-color has-text-color has-background\" style=\"background-color:#1b1e29;grid-template-columns:auto 39%\"><div class=\"wp-block-media-text__content\">\n<h1 class=\"wp-block-heading has-text-align-center\"><mark style=\"background-color:rgba(0, 0, 0, 0);color:#ff7276\" class=\"has-inline-color\">Lier les artistes et les publics <\/mark><mark style=\"background-color:rgba(0, 0, 0, 0)\" class=\"has-inline-color has-white-color\">d\u2019un oc\u00e9an \u00e0 l\u2019autre, \u00e0 l\u2019autre<\/mark><\/h1>\n<\/div><figure class=\"wp-block-media-text__media\"><img loading=\"lazy\" decoding=\"async\" width=\"1240\" height=\"958\" src=\"https:\/\/candance.ca\/wp-content\/uploads\/2023\/01\/Website-header-4-1240x958.png\" alt=\"\" class=\"wp-image-773 size-full\" style=\"object-position:50% 50%\" srcset=\"https:\/\/candance.ca\/wp-content\/uploads\/2023\/01\/Website-header-4-1240x958.png 1240w, https:\/\/candance.ca\/wp-content\/uploads\/2023\/01\/Website-header-4-610x471.png 610w, https:\/\/candance.ca\/wp-content\/uploads\/2023\/01\/Website-header-4-768x593.png 768w, https:\/\/candance.ca\/wp-content\/uploads\/2023\/01\/Website-header-4-1536x1187.png 1536w, https:\/\/candance.ca\/wp-content\/uploads\/2023\/01\/Website-header-4-1568x1212.png 1568w, https:\/\/candance.ca\/wp-content\/uploads\/2023\/01\/Website-header-4.png 1650w\" sizes=\"auto, (max-width: 1240px) 100vw, 1240px\" \/><\/figure><\/div>\n\n\n\n<div style=\"height:32px\" aria-hidden=\"true\" class=\"wp-block-spacer\"><\/div>\n\n\n\n<p class=\"has-extra-large-font-size\">Le Projet d\u2019\u00e9change en cr\u00e9ation permet \u00e0 des artistes au Canada de partager leur pratique \u00e0 l\u2019ext\u00e9rieur de leur communaut\u00e9, et de grandir par un \u00e9change artistique entre pairs.<\/p>\n\n\n\n<p>Chez CanDanse, nous croyons que la danse appartient \u00e0 tout le monde. C\u2019est pourquoi nous aidons \u00e0 faire voyager les perspectives uniques d\u2019artistes au Canada \u00e0 travers le territoire, tout en encourageant le partage d\u2019id\u00e9es, de r\u00e9cits, et d\u2019habilit\u00e9s parmi des personnes de diff\u00e9rents horizons et communaut\u00e9s. Le Projet d\u2019\u00e9change en cr\u00e9ation est con\u00e7u pour r\u00e9pondre \u00e0 ce double objectif.<\/p>\n\n\n\n<div class=\"wp-block-buttons is-layout-flex wp-block-buttons-is-layout-flex\">\n<div class=\"wp-block-button aligncenter is-style-fill\"><a class=\"wp-block-button__link wp-element-button\" href=\"https:\/\/docs.google.com\/document\/d\/1bvS7mFxRmyF-dM6uR-OwIK3nhODpsIln\/edit?usp=sharing&amp;ouid=108211746974056395871&amp;rtpof=true&amp;sd=true\" target=\"_blank\" rel=\"noreferrer noopener\">T\u00e9l\u00e9charger les lignes directrices<\/a><\/div>\n<\/div>\n\n\n\n<div style=\"height:32px\" aria-hidden=\"true\" class=\"wp-block-spacer\"><\/div>\n\n\n\n<div class=\"wp-block-group alignfull is-style-default has-white-color has-white-background-color has-text-color has-background\"><div class=\"wp-block-group__inner-container is-layout-constrained wp-block-group-is-layout-constrained\">\n<h1 class=\"wp-block-heading alignwide has-text-align-left has-huge-font-size\"><mark style=\"background-color:rgba(0, 0, 0, 0)\" class=\"has-inline-color has-black-color\"><strong><mark style=\"background-color:rgba(0, 0, 0, 0)\" class=\"has-inline-color has-black-color\"><strong><strong><strong>Le Projet d\u2019\u00e9change en cr\u00e9ation (PEC)<\/strong><\/strong><\/strong><\/mark><\/strong><\/mark><\/h1>\n<\/div><\/div>\n\n\n\n<p>Cr\u00e9\u00e9 pour promouvoir les \u00e9changes porteurs entre artistes et diffuseur\u00b7euses \u00e9tabli\u00b7es dans diff\u00e9rents lieux au Canada, le PEC offre aux artistes un cadre unique pour se pr\u00e9senter en spectacle \u00e0 l\u2019ext\u00e9rieur de leur communaut\u00e9 tout en participant \u00e0 un \u00e9change artistique entre pairs.<\/p>\n\n\n\n<p>Sommairement, des artistes d\u2019une communaut\u00e9 voyagent \u00e0 une ou deux autres pour pr\u00e9senter leur travail, passer du temps ensemble, mener des activit\u00e9s de m\u00e9diation et s\u2019engager dans une animation collective.<\/p>\n\n\n\n<div style=\"height:27px\" aria-hidden=\"true\" class=\"wp-block-spacer\"><\/div>\n\n\n\n<p class=\"has-extra-large-font-size\"><mark style=\"background-color:rgba(0, 0, 0, 0);color:#ff7276\" class=\"has-inline-color\">Le PEC en action<\/mark> | Trois \u00e9tudes de cas<\/p>\n\n\n\n<p>Voici trois PEC qui d\u00e9montrent comment des artistes ont partag\u00e9 leur pratique entre elleux et avec leurs communaut\u00e9s.<\/p>\n\n\n\n<div style=\"height:31px\" aria-hidden=\"true\" class=\"wp-block-spacer\"><\/div>\n\n\n\n<div class=\"wp-block-media-text alignwide has-media-on-the-right is-stacked-on-mobile is-image-fill-element has-background\" style=\"background-color:#ff7276\"><div class=\"wp-block-media-text__content\">\n<p class=\"has-black-color has-text-color\"><strong><strong><strong><mark style=\"background-color:rgba(0, 0, 0, 0)\" class=\"has-inline-color has-black-color\">PROJECT 686KM ARTISTIC EXCHANGE (2020-2021)<\/mark><\/strong><\/strong><\/strong><\/p>\n\n\n\n<p>PROJECT 686km (la distance entre Calgary et Vancouver) offrait un itin\u00e9raire pour un \u00e9change en cr\u00e9ation \u00e0 des artistes \u00e9mergent\u00b7es racis\u00e9\u00b7es qui habitent et pratiquent dans l\u2019une ou l\u2019autre ville. Mis en \u0153uvre par Springboard Performance et Dance West Network (anciennement Made in BC \u2013 Dance on Tour), l\u2019\u00e9change bonifiait la r\u00e9sidence annuelle du r\u00e9seau destin\u00e9e aux artistes racis\u00e9\u00b7es. Deux programmes de cinq jours ont cr\u00e9\u00e9 un espace pour que les artistes \u00e9mergent\u00b7es rentrent en dialogue, collaborent et \u00e9changent avec des artistes et des publics des deux villes.&nbsp;<\/p>\n\n\n\n<p style=\"font-size:12px\">Cr\u00e9dit photo : Isabelle Van Grimde,&nbsp;<em>Le Corps en question(s)2,&nbsp;<\/em>photo de J\u00e9r\u00f4me Delapierre<\/p>\n<\/div><figure class=\"wp-block-media-text__media\"><img loading=\"lazy\" decoding=\"async\" width=\"1240\" height=\"824\" src=\"https:\/\/candance.ca\/wp-content\/uploads\/2022\/12\/Le-Corps-image-1-1240x824.jpg\" alt=\"\" class=\"wp-image-723 size-full\" style=\"object-position:50% 50%\" srcset=\"https:\/\/candance.ca\/wp-content\/uploads\/2022\/12\/Le-Corps-image-1-1240x824.jpg 1240w, https:\/\/candance.ca\/wp-content\/uploads\/2022\/12\/Le-Corps-image-1-610x405.jpg 610w, https:\/\/candance.ca\/wp-content\/uploads\/2022\/12\/Le-Corps-image-1-768x510.jpg 768w, https:\/\/candance.ca\/wp-content\/uploads\/2022\/12\/Le-Corps-image-1-1536x1020.jpg 1536w, https:\/\/candance.ca\/wp-content\/uploads\/2022\/12\/Le-Corps-image-1-1568x1042.jpg 1568w, https:\/\/candance.ca\/wp-content\/uploads\/2022\/12\/Le-Corps-image-1.jpg 1600w\" sizes=\"auto, (max-width: 1240px) 100vw, 1240px\" \/><\/figure><\/div>\n\n\n\n<div class=\"wp-block-media-text alignwide is-stacked-on-mobile is-image-fill-element is-style-default has-background\" style=\"background-color:#ffa400;padding-top:0;padding-right:0;padding-bottom:0;padding-left:0\"><figure class=\"wp-block-media-text__media\"><img loading=\"lazy\" decoding=\"async\" width=\"1024\" height=\"576\" src=\"https:\/\/candance.ca\/wp-content\/uploads\/2023\/01\/This-is-ab-9-photo-by-David-Wong.jpg\" alt=\"\" class=\"wp-image-780 size-full\" style=\"object-position:50% 50%\" srcset=\"https:\/\/candance.ca\/wp-content\/uploads\/2023\/01\/This-is-ab-9-photo-by-David-Wong.jpg 1024w, https:\/\/candance.ca\/wp-content\/uploads\/2023\/01\/This-is-ab-9-photo-by-David-Wong-610x343.jpg 610w, https:\/\/candance.ca\/wp-content\/uploads\/2023\/01\/This-is-ab-9-photo-by-David-Wong-768x432.jpg 768w\" sizes=\"auto, (max-width: 1024px) 100vw, 1024px\" \/><\/figure><div class=\"wp-block-media-text__content\">\n<p><strong><strong><strong><mark style=\"background-color:rgba(0, 0, 0, 0)\" class=\"has-inline-color has-black-color\">THIS IS ACTIVELY BUILT (2019-2020)<\/mark><\/strong><\/strong><\/strong><\/p>\n\n\n\n<p>Un programme commissari\u00e9 de cinq jours, <em>This Is Actively Built<\/em> a forg\u00e9 un espace pour les artistes en arts vivants des communaut\u00e9s queer de Calgary et de Montr\u00e9al. Les artistes ont partag\u00e9 un studio, explor\u00e9 leur pratique avec les autres, articul\u00e9 leurs questions, d\u00e9fis et r\u00eaves en relation \u00e0 leur travail et \u00e0 leur <em>queerness<\/em>. Les performances en studio ont rassembl\u00e9 les artistes et des publics locaux dans un contexte unique et intime.<\/p>\n\n\n\n<p>Con\u00e7u par Nate Yaffe, le cadre du programme mettait au d\u00e9fi les structures de cr\u00e9ation artistique hi\u00e9rarchiques et capitalistes dominantes en proposant des formes de collaboration qui valorisent l\u2019autonomie, la pollinisation crois\u00e9e, et le soutien r\u00e9ciproque entre artistes et institutions.<\/p>\n\n\n\n<p style=\"font-size:12px\">Photo de David Wong<\/p>\n<\/div><\/div>\n\n\n\n<div class=\"wp-block-media-text alignwide has-media-on-the-right is-stacked-on-mobile is-image-fill-element has-background\" style=\"background-color:#45c2b1\"><div class=\"wp-block-media-text__content\">\n<p><strong><strong><strong><mark style=\"background-color:rgba(0, 0, 0, 0)\" class=\"has-inline-color has-black-color\">BODY OF WATER: A CREATIVE STREAM OF EXCHANGE (2015-2016)<\/mark><\/strong><\/strong><\/strong><\/p>\n\n\n\n<p><em>Body of Water<\/em> invitait trois artistes de trois communaut\u00e9s \u2013 Aim\u00e9e Dawn Robinson (Whitehorse), Anne Troake (St. John\u2019s), et Wojtech Mochniej (Calgary) \u2013 \u00e0 se pencher sur le th\u00e8me et les enjeux de l\u2019eau dans leur ville respective.<\/p>\n\n\n\n<p>Ensemble, iels ont cr\u00e9\u00e9 une accumulation concentr\u00e9e d\u2019exp\u00e9riences, de questions, de r\u00e9cits et de d\u00e9bats par la danse, le corps, la photographie, la vid\u00e9o, la collaboration, la participation communautaire et le spectacle.<\/p>\n\n\n\n<p style=\"font-size:12px\">Photo de Wojtek Mochniej<\/p>\n<\/div><figure class=\"wp-block-media-text__media\"><img loading=\"lazy\" decoding=\"async\" width=\"1240\" height=\"826\" src=\"https:\/\/candance.ca\/wp-content\/uploads\/2023\/01\/Body-of-water-7-photo-by-Wojtek-Mochniej-1240x826.jpg\" alt=\"\" class=\"wp-image-778 size-full\" style=\"object-position:50% 50%\" srcset=\"https:\/\/candance.ca\/wp-content\/uploads\/2023\/01\/Body-of-water-7-photo-by-Wojtek-Mochniej-1240x826.jpg 1240w, https:\/\/candance.ca\/wp-content\/uploads\/2023\/01\/Body-of-water-7-photo-by-Wojtek-Mochniej-610x407.jpg 610w, https:\/\/candance.ca\/wp-content\/uploads\/2023\/01\/Body-of-water-7-photo-by-Wojtek-Mochniej-768x512.jpg 768w, https:\/\/candance.ca\/wp-content\/uploads\/2023\/01\/Body-of-water-7-photo-by-Wojtek-Mochniej-1536x1024.jpg 1536w, https:\/\/candance.ca\/wp-content\/uploads\/2023\/01\/Body-of-water-7-photo-by-Wojtek-Mochniej-1568x1045.jpg 1568w, https:\/\/candance.ca\/wp-content\/uploads\/2023\/01\/Body-of-water-7-photo-by-Wojtek-Mochniej.jpg 2048w\" sizes=\"auto, (max-width: 1240px) 100vw, 1240px\" \/><\/figure><\/div>\n\n\n\n<div style=\"height:32px\" aria-hidden=\"true\" class=\"wp-block-spacer\"><\/div>\n\n\n\n<div class=\"wp-block-media-text alignfull is-stacked-on-mobile is-image-fill-element has-white-color has-text-color has-background\" style=\"background-color:#1b1e29;grid-template-columns:39% auto\"><figure class=\"wp-block-media-text__media\"><img loading=\"lazy\" decoding=\"async\" width=\"1240\" height=\"958\" src=\"https:\/\/candance.ca\/wp-content\/uploads\/2023\/01\/Website-header-5-1240x958.png\" alt=\"\" class=\"wp-image-784 size-full\" style=\"object-position:50% 50%\" srcset=\"https:\/\/candance.ca\/wp-content\/uploads\/2023\/01\/Website-header-5-1240x958.png 1240w, https:\/\/candance.ca\/wp-content\/uploads\/2023\/01\/Website-header-5-610x471.png 610w, https:\/\/candance.ca\/wp-content\/uploads\/2023\/01\/Website-header-5-768x593.png 768w, https:\/\/candance.ca\/wp-content\/uploads\/2023\/01\/Website-header-5-1536x1187.png 1536w, https:\/\/candance.ca\/wp-content\/uploads\/2023\/01\/Website-header-5-1568x1212.png 1568w, https:\/\/candance.ca\/wp-content\/uploads\/2023\/01\/Website-header-5.png 1650w\" sizes=\"auto, (max-width: 1240px) 100vw, 1240px\" \/><\/figure><div class=\"wp-block-media-text__content\">\n<h1 class=\"wp-block-heading has-text-align-center\"><mark style=\"background-color:rgba(0, 0, 0, 0);color:#ff7276\" class=\"has-inline-color\"><strong><strong>Questions et r\u00e9ponses <\/strong><\/strong><\/mark><strong><strong><mark style=\"background-color:rgba(0, 0, 0, 0)\" class=\"has-inline-color has-white-color\">sur le Projet d\u2019\u00e9change en cr\u00e9ation<\/mark><\/strong><\/strong><\/h1>\n<\/div><\/div>\n\n\n\n<div style=\"height:26px\" aria-hidden=\"true\" class=\"wp-block-spacer\"><\/div>\n\n\n\n<p><strong><mark style=\"background-color:rgba(0, 0, 0, 0);color:#ff7276\" class=\"has-inline-color\"><strong><mark style=\"background-color:rgba(0, 0, 0, 0);color:#ff7276\" class=\"has-inline-color\"><strong>Combien de projets sont s\u00e9lectionn\u00e9s par ann\u00e9e\u2009?<\/strong><\/mark><\/strong><\/mark><\/strong><\/p>\n\n\n\n<p>Il y a un PEC par ann\u00e9e.<\/p>\n\n\n\n<p><strong><mark style=\"background-color:rgba(0, 0, 0, 0);color:#ff7276\" class=\"has-inline-color\"><strong>Combien de diffuseur\u00b7euses participent \u00e0 un PEC\u2009?<\/strong><\/mark><\/strong><\/p>\n\n\n\n<p>Un minimum de deux ou trois diffuseur\u00b7euses CanDanse de diff\u00e9rentes villes ou communaut\u00e9s doivent travailler en partenariat pour un PEC. Les communaut\u00e9s des diffuseur\u00b7euses sont les \u00ab\u2009ports d\u2019attache\u2009\u00bb des projets, mais il est possible pour les membres de tenir des activit\u00e9s du PEC dans des communaut\u00e9s qui n\u2019ont pas de membres CanDanse (par exemple, un projet \u00e0 Edmonton pourrait tenir des activit\u00e9s \u00e0 Red Deer, et un projet \u00e0 Vancouver pourrait tenir des activit\u00e9s \u00e0 Kelowna).<\/p>\n\n\n\n<p><strong><mark style=\"background-color:rgba(0, 0, 0, 0);color:#ff7276\" class=\"has-inline-color\"><strong>Quel soutien financier offre un PEC\u2009?<\/strong><\/mark><\/strong><\/p>\n\n\n\n<p>Chaque diffuseur\u00b7euse contribue 5\u2009500&nbsp;$ au projet, et la somme des contributions des membres est offerte en contrepartie par CanDanse. Les membres en r\u00e8gle du R\u00e9seau CanDanse peuvent faire une demande de fonds de contrepartie pour soutenir un Projet d\u2019\u00e9change en cr\u00e9ation.<\/p>\n\n\n\n<p><strong><mark style=\"background-color:rgba(0, 0, 0, 0);color:#ff7276\" class=\"has-inline-color\"><strong>Quelles sont les d\u00e9penses admises au budget\u2009?<\/strong><\/mark><\/strong><\/p>\n\n\n\n<p>Alors que chaque projet est unique, voici ce que les artistes ont re\u00e7u dans le cadre d\u2019un PEC&nbsp;:<\/p>\n\n\n\n<ul class=\"wp-block-list\">\n<li>Cachets pour les chor\u00e9graphes et interpr\u00e8tes<\/li>\n\n\n\n<li>D\u00e9penses de r\u00e9p\u00e9tition<\/li>\n\n\n\n<li>Cachet d\u2019animation et de m\u00e9diation<\/li>\n\n\n\n<li>Frais de voyage a\u00e9rien et terrestre<\/li>\n\n\n\n<li>Frais d\u2019h\u00e9bergement et per diem<\/li>\n\n\n\n<li>Services de direction technique et de coordination de tourn\u00e9e<\/li>\n\n\n\n<li>Distribution de mat\u00e9riel promotionnel dans chaque communaut\u00e9<\/li>\n\n\n\n<li>Frais administratifs li\u00e9s au projet (t\u00e9l\u00e9phone, impression, etc.)<\/li>\n<\/ul>\n\n\n\n<p><strong><strong><mark style=\"background-color:rgba(0, 0, 0, 0);color:#ff7276\" class=\"has-inline-color\"><strong>Quelle est la date limite pour soumettre une proposition de PEC\u2009?<\/strong>&nbsp;<\/mark><\/strong><\/strong><\/p>\n\n\n\n<p>La date limite annuelle pour les dossiers est fix\u00e9e apr\u00e8s la r\u00e9union annuelle des membres du R\u00e9seau CanDanse.<\/p>\n\n\n\n<p><strong><strong><strong><mark style=\"background-color:rgba(0, 0, 0, 0);color:#ff7276\" class=\"has-inline-color\"><strong>Les artistes peuvent-iels soumettre une proposition de PEC\u2009?<\/strong><\/mark><\/strong><\/strong><\/strong><\/p>\n\n\n\n<p>Non. Seul\u00b7es les diffuseur\u00b7euses peuvent soumettre une proposition de PEC au R\u00e9seau CanDanse. Toutefois, les artistes sont les bienvenu\u00b7es \u00e0 proposer leurs id\u00e9es de PEC au(x) membre(s) CanDanse dans leur r\u00e9gion. Si vous ne connaissez pas les membres du R\u00e9seau dans votre communaut\u00e9, veuillez consulter la <a href=\"https:\/\/candance.ca\/fr\/membres\/\" data-type=\"page\" data-id=\"134\" target=\"_blank\" rel=\"noreferrer noopener\">liste des membres<\/a>.<\/p>\n\n\n\n<p><strong><strong><strong><mark style=\"background-color:rgba(0, 0, 0, 0);color:#ff7276\" class=\"has-inline-color\"><strong>Est-ce un programme de r\u00e9sidence\u2009?<\/strong><\/mark><\/strong><\/strong><\/strong><\/p>\n\n\n\n<p>Non. Le PEC est un <strong>\u00e9change<\/strong> artistique, dans lequel des artistes voyagent vers une ou deux communaut\u00e9s pour une courte p\u00e9riode, pour des spectacles, des conversations sur la cr\u00e9ation, et des activit\u00e9s de m\u00e9diation culturelle.<\/p>\n\n\n\n<p><strong><strong><strong><mark style=\"background-color:rgba(0, 0, 0, 0);color:#ff7276\" class=\"has-inline-color\"><strong>Est-ce un programme de commande\u2009?<\/strong><\/mark><\/strong><\/strong><\/strong><\/p>\n\n\n\n<p>Non. Le budget ne soutient pas la cr\u00e9ation d\u2019une \u0153uvre. Le Fonds de cr\u00e9ation, cependant, le fait. Pour en savoir plus, consultez <a href=\"https:\/\/candance.ca\/fr\/creation-fund\/\" data-type=\"page\" data-id=\"820\" target=\"_blank\" rel=\"noreferrer noopener\">ceci<\/a>.<\/p>\n\n\n\n<p><strong><strong><strong><strong><mark style=\"background-color:rgba(0, 0, 0, 0);color:#ff7276\" class=\"has-inline-color\"><strong>Quel est le processus de s\u00e9lection du PEC\u2009?<\/strong><\/mark><\/strong><\/strong><\/strong><\/strong><\/p>\n\n\n\n<p>Les propositions sont \u00e9valu\u00e9es selon les lignes directrices du programme, y compris&nbsp;:<\/p>\n\n\n\n<ul class=\"wp-block-list\">\n<li>La proposition est-elle soutenue par trois membres CanDanse \u00e9tabli\u00b7es dans trois diff\u00e9rentes villes ou communaut\u00e9s\u2009?<\/li>\n\n\n\n<li>Le calendrier d\u2019activit\u00e9s est-il r\u00e9aliste et se limite-t-il \u00e0 une ann\u00e9e (1<sup>er<\/sup>&nbsp;avril au 31&nbsp;mars)\u2009?<\/li>\n\n\n\n<li>Un budget \u00e9quilibr\u00e9 a-t-il \u00e9t\u00e9 soumis\u2009?<\/li>\n\n\n\n<li>Y a-t-il un \u00e9l\u00e9ment d\u2019animation communautaire (par exemple, un atelier ou des activit\u00e9s de m\u00e9diation culturelle)\u2009?<\/li>\n<\/ul>\n\n\n\n<div style=\"height:33px\" aria-hidden=\"true\" class=\"wp-block-spacer\"><\/div>\n\n\n\n<p class=\"has-extra-large-font-size\">Vous voulez en savoir plus sur les lignes directrices du Projet d\u2019\u00e9change en cr\u00e9ation avant de soumettre une proposition\u2009?<\/p>\n\n\n\n<div class=\"wp-block-buttons is-layout-flex wp-block-buttons-is-layout-flex\">\n<div class=\"wp-block-button aligncenter is-style-fill\"><a class=\"wp-block-button__link wp-element-button\" href=\"https:\/\/docs.google.com\/document\/d\/1tJgAy4lTO8N6v8MeqxhMXH2z3ZvCa9fN\/edit\" target=\"_blank\" rel=\"noreferrer noopener\">T\u00e9l\u00e9charger les lignes directrices<\/a><\/div>\n<\/div>\n\n\n\n<div style=\"height:31px\" aria-hidden=\"true\" class=\"wp-block-spacer\"><\/div>\n\n\n\n<div class=\"wp-block-cover alignwide has-parallax\" style=\"min-height:233px;aspect-ratio:unset;\"><span aria-hidden=\"true\" class=\"wp-block-cover__background has-background-dim\" style=\"background-color:#006e96\"><\/span><div class=\"wp-block-cover__image-background wp-image-787 has-parallax\" style=\"background-position:50% 50%;background-image:url(https:\/\/candance.ca\/wp-content\/uploads\/2023\/01\/This-is-ab-5-photo-by-David-Wong.jpg)\"><\/div><div class=\"wp-block-cover__inner-container is-layout-flow wp-block-cover-is-layout-flow\">\n<p><strong><strong>R\u00e9cipiendaires<\/strong><\/strong><\/p>\n\n\n\n<p><strong>2024-2025: <em>Tri-City Ballroom Project<\/em><\/strong><\/p>\n\n\n\n<p>Partenaires diffuseurs : Tangente, The Dance Centre, Toronto Dance Theatre<\/p>\n\n\n\n<p>Artistes&nbsp;: Ana\u00efs Gilles, Ralph Escamillan, Danah Rosales, Jontae McCrory, Chivengi, G-Mako, Katria Phothong-McKinnon, Solar Morningstar, Avery Jackman<\/p>\n\n\n\n<p><strong>2023-2024 : <em>Cross-Pollination<\/em><\/strong><\/p>\n\n\n\n<p>Partenaires diffuseurs : New Works, National Arts Centre, The Dance Centre<\/p>\n\n\n\n<p>Artistes&nbsp;: Propeller Dance, All Bodies Dance Project, Adam Warren<\/p>\n\n\n\n<p><strong>2022-2023&nbsp;: <em>KickStart<\/em><\/strong><\/p>\n\n\n\n<p>Partenaires diffuseurs&nbsp;: Tangente, CanAsian Dance, le R\u00e9seau CanDanse<\/p>\n\n\n\n<p>Artistes&nbsp;: Marbella Carlos, Katherine Ng, Shion Skye Carter, Ashvini Sundaram, Miya Turnbull, Yui Ugai<\/p>\n\n\n\n<p><strong>2021-2022: <em>Pandemic National BIPOC Project<\/em><\/strong><\/p>\n\n\n\n<p>Partenaires diffuseurs&nbsp;: Dance West Network, Fall for Dance North, Mile&nbsp;Zero Dance, Neighbourhood Dance Works, Springboard Performance, Studio&nbsp;303, le&nbsp;R\u00e9seau CanDanse<\/p>\n\n\n\n<p>Artistes-commissaires: Winnie Ho, Jessica McMann, Brian Solomon<\/p>\n\n\n\n<p>Artistes&nbsp;: Thaina Rosinvil, Shayna Jones, Deviani Andrea, Cindy Ansah, Travis Knights, Vanessa Cardoso-Whelan&nbsp;<\/p>\n\n\n\n<p><strong>2020-2021: <em>686KM Project<\/em><\/strong><\/p>\n\n\n\n<p>Partenaires diffuseurs&nbsp;: Fluid Festival, Made in BC: Dance on Tour (Dance West Network), le R\u00e9seau CanDanse&nbsp;<\/p>\n\n\n\n<p>Artistes&nbsp;: Eric Cheung, Kristy-Rae Janvier, Jessica McMann, Sabrina Naz Comanescu, Jason Owin, Zahra Shahab<\/p>\n\n\n\n<p><strong>2019-2020: <em>This is Actively Built<\/em><\/strong><\/p>\n\n\n\n<p>Partenaires diffuseurs&nbsp;: Fluid Festival, Studio&nbsp;303, le R\u00e9seau CanDanse<\/p>\n\n\n\n<p>Artiste-organisateur&nbsp;: Nate Yaffe<\/p>\n\n\n\n<p>Artistes&nbsp;: Julie Ferguson, Winnie Ho, Kevin Jesuino, Melina Stinson<\/p>\n\n\n\n<p><strong>2018-2019&nbsp;:&nbsp;<em>This Wound is a World<\/em><\/strong><\/p>\n\n\n\n<p>Partenaires diffuseurs&nbsp;: Fluid Festival, Mile Zero Dance, le R\u00e9seau CanDanse<\/p>\n\n\n\n<p>Artiste&nbsp;: Billy-Ray Belcourt<\/p>\n\n\n\n<p><strong>2017-2018&nbsp;: <em>ReMix<\/em><\/strong><\/p>\n\n\n\n<p>Partenaires diffuseurs&nbsp;: Neighbourhood Dance Works, Mile&nbsp;Zero Dance, Studio&nbsp;303, le&nbsp;R\u00e9seau CanDanse&nbsp;<\/p>\n\n\n\n<p>Artistes&nbsp;: Amber Borotsik, Bailey Eng, Melanie Kloetzel, Katia Marie-Germain, Louise Moyes, Thea Patterson, Candice Pike, Rebecca Sadowski, Sarah Stoker<\/p>\n\n\n\n<p><strong>2015-2016: <em>Body of Water<\/em><\/strong><\/p>\n\n\n\n<p>Partenaires diffuseurs&nbsp;: Neighbourhood Dance Works, Springboard Performance, Yukon Arts Centre, le R\u00e9seau CanDanse<\/p>\n\n\n\n<p>Artistes&nbsp;: Wojciech Mochniej, Aim\u00e9e Dawn Robinson, Anne Troake<\/p>\n\n\n\n<p><strong>2014-2015: <em>The Prairie Dance Circuit<\/em><\/strong><\/p>\n\n\n\n<p>Partenaires diffuseurs&nbsp;: The Brian Webb Dance Company, New Dance Horizons, Springboard Performance, le&nbsp;R\u00e9seau CanDanse<\/p>\n\n\n\n<p>Compagnie: Winnipeg\u2019s Contemporary Dancers<\/p>\n\n\n\n<p><strong>2013-2014&nbsp;: <em>Incandescent<\/em><\/strong><\/p>\n\n\n\n<p>Partenaires diffuseurs&nbsp;: The Dancing on the Edge Festival Society, Dusk Dances, Dusk Dances Ottawa, Public Energy, le&nbsp;R\u00e9seau CanDanse&nbsp;<\/p>\n\n\n\n<p>Artistes: The YES Collective (Kate Franklin et Meredith Thompson)<\/p>\n\n\n\n<p><strong>2012-2013&nbsp;: <em>3 x 3 x 3<\/em><\/strong><\/p>\n\n\n\n<p>Partenaires diffuseurs&nbsp;: La Rotonde, Live Art Dance Productions, Tangente, le R\u00e9seau CanDanse <\/p>\n\n\n\n<p>Artistes&nbsp;: Jacinte Armstrong, Maryse Damecour, Dorian Nuskind-Oder<\/p>\n\n\n\n<p><strong>2011-2012: <em>The Prairie Dance Circuit<\/em><\/strong><\/p>\n\n\n\n<p>Partenaires diffuseurs&nbsp;: The Brian Webb Dance Company, Dancers\u2019 Studio West, New Dance Horizons, Springboard Performance, Winnipeg\u2019s Contemporary Dancers, le&nbsp;R\u00e9seau CanDanse <\/p>\n\n\n\n<p>Artistes: Nicole Mion, Davida Monk, Robin Poitras, Brian Webb, Winnipeg\u2019s Contemporary Dancers<\/p>\n\n\n\n<p><strong>2010-2011: <em>The Prairie Dance Circuit<\/em><\/strong><\/p>\n\n\n\n<p>Partenaires diffuseurs&nbsp;: The Brian Webb Dance Company, Dancers\u2019 Studio West, New Dance Horizons, Springboard Performance, Winnipeg\u2019s Contemporary Dancers, le&nbsp;R\u00e9seau CanDanse <\/p>\n\n\n\n<p>Artistes: Joelle Arnusch et Robert Regala, Johanna Bundon et Branwyn Bundon, Hilary Maxwell, Andrew Milne, Jason Stroh, Raena Waddell<\/p>\n<\/div><\/div>\n\n\n\n<p style=\"font-size:12px\">Cr\u00e9dits photo&nbsp;: Banni\u00e8re du haut (Lier les artistes et les publics d\u2019un oc\u00e9an \u00e0 l\u2019autre) &#8211; Bboyizm,&nbsp;<em>In My Body<\/em>, photo de Jerrick Collantes. Banni\u00e8re du milieu (Questions et r\u00e9ponses sur le Projet d\u2019\u00e9change en cr\u00e9ation) \u2013&nbsp;<em>This is Actively Built<\/em>, photo de David Wong. Image de couverture en bas (R\u00e9cipiendaires) \u2013&nbsp;<em>This is Actively Built<\/em>, photo de David Wong.<\/p>\n","protected":false},"excerpt":{"rendered":"<p>Lier les artistes et les publics d\u2019un oc\u00e9an \u00e0 l\u2019autre, \u00e0 l\u2019autre Le Projet d\u2019\u00e9change en cr\u00e9ation permet \u00e0 des artistes au Canada de partager leur pratique \u00e0 l\u2019ext\u00e9rieur de leur communaut\u00e9, et de grandir par un \u00e9change artistique entre pairs. Chez CanDanse, nous croyons que la danse appartient \u00e0 tout le monde. C\u2019est pourquoi&hellip; <a class=\"more-link\" href=\"https:\/\/candance.ca\/fr\/le-projet-dechange-en-creation\/\">Continue reading <span class=\"screen-reader-text\">Le Projet d\u2019\u00e9change en cr\u00e9ation<\/span><\/a><\/p>\n","protected":false},"author":12,"featured_media":0,"parent":0,"menu_order":0,"comment_status":"closed","ping_status":"closed","template":"","meta":{"_acf_changed":false,"footnotes":""},"class_list":["post-852","page","type-page","status-publish","hentry","entry"],"acf":[],"_links":{"self":[{"href":"https:\/\/candance.ca\/fr\/wp-json\/wp\/v2\/pages\/852","targetHints":{"allow":["GET"]}}],"collection":[{"href":"https:\/\/candance.ca\/fr\/wp-json\/wp\/v2\/pages"}],"about":[{"href":"https:\/\/candance.ca\/fr\/wp-json\/wp\/v2\/types\/page"}],"author":[{"embeddable":true,"href":"https:\/\/candance.ca\/fr\/wp-json\/wp\/v2\/users\/12"}],"replies":[{"embeddable":true,"href":"https:\/\/candance.ca\/fr\/wp-json\/wp\/v2\/comments?post=852"}],"version-history":[{"count":0,"href":"https:\/\/candance.ca\/fr\/wp-json\/wp\/v2\/pages\/852\/revisions"}],"wp:attachment":[{"href":"https:\/\/candance.ca\/fr\/wp-json\/wp\/v2\/media?parent=852"}],"curies":[{"name":"wp","href":"https:\/\/api.w.org\/{rel}","templated":true}]}}