{"id":618,"date":"2022-01-03T22:21:45","date_gmt":"2022-01-04T03:21:45","guid":{"rendered":"https:\/\/candance.ca\/qui-sommes-nous\/how-to-join\/"},"modified":"2023-03-31T08:59:58","modified_gmt":"2023-03-31T12:59:58","slug":"rejoignez-le-reseau","status":"publish","type":"page","link":"https:\/\/candance.ca\/fr\/membres\/rejoignez-le-reseau\/","title":{"rendered":"Rejoignez le reseau"},"content":{"rendered":"\n<div class=\"wp-block-media-text alignfull has-media-on-the-right is-stacked-on-mobile is-image-fill has-white-color has-text-color has-background\" style=\"background-color:#1b1e29;grid-template-columns:auto 39%\"><div class=\"wp-block-media-text__content\">\n<h1 class=\"has-text-align-center wp-block-heading\">Vous souhaitez <mark style=\"background-color:rgba(0, 0, 0, 0);color:#45c2b1\" class=\"has-inline-color\">devenir membre<\/mark> CanDanse\u2009?<\/h1>\n<\/div><figure class=\"wp-block-media-text__media\" style=\"background-image:url(https:\/\/candance.ca\/wp-content\/uploads\/2023\/02\/Website-header-8-1240x958.png);background-position:50% 50%\"><img loading=\"lazy\" decoding=\"async\" width=\"1240\" height=\"958\" src=\"https:\/\/candance.ca\/wp-content\/uploads\/2023\/02\/Website-header-8-1240x958.png\" alt=\"\" class=\"wp-image-837 size-full\" srcset=\"https:\/\/candance.ca\/wp-content\/uploads\/2023\/02\/Website-header-8-1240x958.png 1240w, https:\/\/candance.ca\/wp-content\/uploads\/2023\/02\/Website-header-8-610x471.png 610w, https:\/\/candance.ca\/wp-content\/uploads\/2023\/02\/Website-header-8-768x593.png 768w, https:\/\/candance.ca\/wp-content\/uploads\/2023\/02\/Website-header-8-1536x1187.png 1536w, https:\/\/candance.ca\/wp-content\/uploads\/2023\/02\/Website-header-8-1568x1212.png 1568w, https:\/\/candance.ca\/wp-content\/uploads\/2023\/02\/Website-header-8.png 1650w\" sizes=\"auto, (max-width: 1240px) 100vw, 1240px\" \/><\/figure><\/div>\n\n\n\n<div style=\"height:36px\" aria-hidden=\"true\" class=\"wp-block-spacer\"><\/div>\n\n\n\n<p class=\"has-extra-large-font-size\">Si vous <mark style=\"background-color:rgba(0, 0, 0, 0);color:#45c2b1\" class=\"has-inline-color\">pr\u00e9sentez la danse<\/mark>, nous vous invitons \u00e0 vous joindre \u00e0 <mark style=\"background-color:rgba(0, 0, 0, 0);color:#45c2b1\" class=\"has-inline-color\">notre r\u00e9seau de pairs<\/mark>.<\/p>\n\n\n\n<p>Le partage et le soutien qui qualifient le R\u00e9seau sont une source de fiert\u00e9. Nous comprenons que nous avons \u00e0 apprendre des autres et que collectivement, nous pouvons nous \u00e9pauler, r\u00e9soudre les probl\u00e8mes qui touchent le secteur, et, en cours de route, am\u00e9liorer le monde de la danse.<\/p>\n\n\n\n<p>Pr\u00e9senter la danse est un difficile exercice d\u2019\u00e9quilibre entre commissariat artistique et entrepreneuriat, souvent ex\u00e9cut\u00e9 de fa\u00e7on solitaire. Si vous demandiez \u00e0 nos membres ce qui leur importe le plus du R\u00e9seau, iels nommeraient la camaraderie et le partage de connaissances entre coll\u00e8gues. Toutefois, nos autres projets et services, tous con\u00e7us pour r\u00e9pondre aux besoins des membres, sont aussi indispensables.<\/p>\n\n\n\n<div style=\"height:28px\" aria-hidden=\"true\" class=\"wp-block-spacer\"><\/div>\n\n\n\n<h1 class=\"alignwide has-text-align-left has-huge-font-size wp-block-heading\"><strong><strong>Quels projets et services offrons-nous aux diffuseur\u00b7euses\u2009?<\/strong><\/strong><\/h1>\n\n\n\n<div style=\"height:25px\" aria-hidden=\"true\" class=\"wp-block-spacer\"><\/div>\n\n\n\n<p>Nous sommes ici pour vous aider. Nos projets et services sont \u00e9labor\u00e9s par nos membres pour r\u00e9pondre \u00e0 des besoins particuliers, notamment&nbsp;:<\/p>\n\n\n\n<ul class=\"wp-block-list\">\n<li>Un groupe courriel actif (mais pas agressant\u2009!) r\u00e9serv\u00e9 aux membres, o\u00f9 les membres posent des questions honn\u00eates et y r\u00e9pondent, et partagent des nouvelles et des ressources pertinentes.<\/li>\n\n\n\n<li>Une rencontre annuelle en personne \u00e0 diff\u00e9rents \u00e9v\u00e8nements de danse chaque ann\u00e9e (nous priorisons des \u00e9v\u00e8nements o\u00f9 des artistes vis\u00e9<strong>\u00b7<\/strong>es par l\u2019\u00e9quit\u00e9 participent \u00e0 l\u2019organisation et sont pr\u00e9sent\u00e9<strong>\u00b7<\/strong>es). Cette rencontre comprend de la formation professionnelle pertinente, et du temps pour discuter de programmation, r\u00e9seauter entre coll\u00e8gues et avec la communaut\u00e9, partager des repas et voir des spectacles de danse ensemble.<\/li>\n\n\n\n<li>Un fonds de d\u00e9placement par ann\u00e9e pour voir de la programmation de danse autochtone.<\/li>\n\n\n\n<li>Deux Fonds de cr\u00e9ation par ann\u00e9e, avec jusqu\u2019\u00e0 30\u2009000&nbsp;$ offerts en fonds de contrepartie.<\/li>\n\n\n\n<li>Un Projet d\u2019\u00e9change en cr\u00e9ation par ann\u00e9e, avec jusqu\u2019\u00e0 16\u2009500&nbsp;$ offerts en fonds de contrepartie.<\/li>\n\n\n\n<li>Une ou deux rencontres r\u00e9gionales par ann\u00e9e, dans diff\u00e9rentes communaut\u00e9s chaque ann\u00e9e.<\/li>\n\n\n\n<li>Des rencontres virtuelles entre membres lorsqu\u2019\u00e9mergent des enjeux importants (par exemple, des r\u00e9unions de soutien pand\u00e9mique, de programmation artistique, etc.).<\/li>\n\n\n\n<li>Un site web r\u00e9serv\u00e9 aux membres avec une plateforme de programmation en ligne.<\/li>\n\n\n\n<li>En d\u00e9veloppement&nbsp;: la formation continue en mati\u00e8re d\u2019\u00e9quit\u00e9, de diversit\u00e9 et d\u2019inclusion.<\/li>\n\n\n\n<li>Une voix dans les activit\u00e9s soutenues de recherche et de repr\u00e9sentation.<\/li>\n<\/ul>\n\n\n\n<div style=\"height:32px\" aria-hidden=\"true\" class=\"wp-block-spacer\"><\/div>\n\n\n\n<div class=\"wp-block-cover alignfull\" style=\"padding-top:4%;padding-right:4%;padding-bottom:4%;padding-left:4%;min-height:401px;aspect-ratio:unset;\"><span aria-hidden=\"true\" class=\"wp-block-cover__background has-white-background-color has-background-dim-40 has-background-dim\"><\/span><img loading=\"lazy\" decoding=\"async\" width=\"2560\" height=\"1709\" class=\"wp-block-cover__image-background wp-image-968\" alt=\"\" src=\"https:\/\/candance.ca\/wp-content\/uploads\/2023\/03\/4-20230123-canDance.80winchester-0338-scaled.jpg\" style=\"object-position:49% 24%\" data-object-fit=\"cover\" data-object-position=\"49% 24%\" srcset=\"https:\/\/candance.ca\/wp-content\/uploads\/2023\/03\/4-20230123-canDance.80winchester-0338-scaled.jpg 2560w, https:\/\/candance.ca\/wp-content\/uploads\/2023\/03\/4-20230123-canDance.80winchester-0338-610x407.jpg 610w, https:\/\/candance.ca\/wp-content\/uploads\/2023\/03\/4-20230123-canDance.80winchester-0338-1240x828.jpg 1240w, https:\/\/candance.ca\/wp-content\/uploads\/2023\/03\/4-20230123-canDance.80winchester-0338-768x513.jpg 768w, https:\/\/candance.ca\/wp-content\/uploads\/2023\/03\/4-20230123-canDance.80winchester-0338-1536x1025.jpg 1536w, https:\/\/candance.ca\/wp-content\/uploads\/2023\/03\/4-20230123-canDance.80winchester-0338-2048x1367.jpg 2048w, https:\/\/candance.ca\/wp-content\/uploads\/2023\/03\/4-20230123-canDance.80winchester-0338-1568x1047.jpg 1568w\" sizes=\"auto, (max-width: 2560px) 100vw, 2560px\" \/><div class=\"wp-block-cover__inner-container is-layout-flow wp-block-cover-is-layout-flow\">\n<p class=\"has-text-align-center has-large-font-size\"><\/p>\n<\/div><\/div>\n\n\n\n<h1 class=\"alignwide has-text-align-left has-huge-font-size wp-block-heading\"><strong><strong>Joignez-vous au R\u00e9seau et faites-vous entendre.<\/strong><\/strong><\/h1>\n\n\n\n<p>Notre programmation et nos services sont toujours en \u00e9volution selon les retours et les besoins \u00e9mergents des membres. Votre voix nous aide collectivement. Nous sommes ici pour vous \u00e9couter et vous r\u00e9pondre, et pour soutenir votre travail\u2009!<\/p>\n\n\n\n<div style=\"height:32px\" aria-hidden=\"true\" class=\"wp-block-spacer\"><\/div>\n\n\n\n<h1 class=\"alignwide has-text-align-left has-huge-font-size wp-block-heading\"><strong><strong><strong>Suis-je admissible au R\u00e9seau\u2009?<\/strong><\/strong><\/strong><\/h1>\n\n\n\n<p>Voici les quatre crit\u00e8res d\u2019admissibilit\u00e9&nbsp;:<\/p>\n\n\n\n<ol class=\"wp-block-list\">\n<li>Pr\u00e9senter des spectacles de danse de qualit\u00e9 \u00e0 un public r\u00e9guli\u00e8rement y compris, \u00e0 l\u2019occasion, des spectacles d\u2019artistes provenant de l\u2019ext\u00e9rieur de votre communaut\u00e9 g\u00e9ographique.<\/li>\n\n\n\n<li>Fournir d\u2019autres services ou soutiens \u00e0 la communaut\u00e9 de danse r\u00e9gionale ou nationale, comme des services administratifs, des consultations, des ateliers, des r\u00e9sidences, du soutien de coproduction ou des commandes.<\/li>\n\n\n\n<li>Faire preuve d\u2019engagement pour le d\u00e9veloppement et la pr\u00e9sentation de nouvelles cr\u00e9ations et de nouveaux artistes au sein d\u2019un contexte commissariale ou d\u2019un mandat artistique.<\/li>\n\n\n\n<li>S\u2019assurer que les artistes de danse sont justement r\u00e9mun\u00e9r\u00e9\u00b7es pour leur travail.<\/li>\n<\/ol>\n\n\n\n<div style=\"height:32px\" aria-hidden=\"true\" class=\"wp-block-spacer\"><\/div>\n\n\n\n<div class=\"wp-block-cover alignfull\" style=\"padding-top:4%;padding-right:4%;padding-bottom:4%;padding-left:4%;min-height:400px;aspect-ratio:unset;\"><span aria-hidden=\"true\" class=\"wp-block-cover__background has-white-background-color has-background-dim-40 has-background-dim\"><\/span><img loading=\"lazy\" decoding=\"async\" width=\"2560\" height=\"1707\" class=\"wp-block-cover__image-background wp-image-965\" alt=\"\" src=\"https:\/\/candance.ca\/wp-content\/uploads\/2023\/03\/3-20230125-canDance.thecitadel-0201-scaled.jpg\" style=\"object-position:51% 18%\" data-object-fit=\"cover\" data-object-position=\"51% 18%\" srcset=\"https:\/\/candance.ca\/wp-content\/uploads\/2023\/03\/3-20230125-canDance.thecitadel-0201-scaled.jpg 2560w, https:\/\/candance.ca\/wp-content\/uploads\/2023\/03\/3-20230125-canDance.thecitadel-0201-610x407.jpg 610w, https:\/\/candance.ca\/wp-content\/uploads\/2023\/03\/3-20230125-canDance.thecitadel-0201-1240x827.jpg 1240w, https:\/\/candance.ca\/wp-content\/uploads\/2023\/03\/3-20230125-canDance.thecitadel-0201-768x512.jpg 768w, https:\/\/candance.ca\/wp-content\/uploads\/2023\/03\/3-20230125-canDance.thecitadel-0201-1536x1024.jpg 1536w, https:\/\/candance.ca\/wp-content\/uploads\/2023\/03\/3-20230125-canDance.thecitadel-0201-2048x1366.jpg 2048w, https:\/\/candance.ca\/wp-content\/uploads\/2023\/03\/3-20230125-canDance.thecitadel-0201-1568x1045.jpg 1568w\" sizes=\"auto, (max-width: 2560px) 100vw, 2560px\" \/><div class=\"wp-block-cover__inner-container is-layout-flow wp-block-cover-is-layout-flow\">\n<p><\/p>\n<\/div><\/div>\n\n\n\n<h1 class=\"alignwide has-text-align-left has-huge-font-size wp-block-heading\"><strong><strong><strong><strong>Quels sont les r\u00f4les et responsabilit\u00e9s des membres\u2009?<\/strong><\/strong><\/strong><\/strong><\/h1>\n\n\n\n<p>Lorsque vous devenez membre de CanDanse, nous entendons que vous&nbsp;:<\/p>\n\n\n\n<ul class=\"wp-block-list\">\n<li>pr\u00e9sentez la danse comme une des activit\u00e9s principales de votre organisme ou de votre pratique<\/li>\n\n\n\n<li>jouez un r\u00f4le actif dans le R\u00e9seau CanDanse<\/li>\n\n\n\n<li>participez \u00e0 la r\u00e9union annuelle (virtuelle)<\/li>\n\n\n\n<li>cotisez annuellement au tarif qui refl\u00e8te les normes du secteur<\/li>\n\n\n\n<li>r\u00e9mun\u00e9rez les artistes selon les normes du secteur<\/li>\n\n\n\n<li>signez et respectez notre Code d\u2019\u00e9thique<\/li>\n<\/ul>\n\n\n\n<div style=\"height:34px\" aria-hidden=\"true\" class=\"wp-block-spacer\"><\/div>\n\n\n\n<div class=\"wp-block-group has-white-color has-text-color has-background\" style=\"background-color:#007078\"><div class=\"wp-block-group__inner-container is-layout-constrained wp-block-group-is-layout-constrained\">\n<p><strong>La cotisation annuelle<\/strong><\/p>\n\n\n\n<p>La cotisation est bas\u00e9e sur le budget annuel de diffusion de danse de chaque membre.<\/p>\n\n\n\n<p>100&nbsp;$\/ANN\u00c9E<\/p>\n\n\n\n<p>pour les diffuseur\u00b7euses avec un budget annuel de pr\u00e9sentation de danse en de\u00e7\u00e0 de 50\u2009000&nbsp;$ par ann\u00e9e.<\/p>\n\n\n\n<p>350&nbsp;$\/ANN\u00c9E<\/p>\n\n\n\n<p>pour les diffuseur\u00b7euses avec un budget annuel de pr\u00e9sentation de danse entre 50\u2009000&nbsp;$ et 500\u2009000&nbsp;$ par ann\u00e9e.<\/p>\n\n\n\n<p>650&nbsp;$\/ANN\u00c9E<\/p>\n\n\n\n<p>pour les diffuseur\u00b7euses avec un budget annuel de pr\u00e9sentation de danse au-del\u00e0 de 500\u2009000&nbsp;$ par ann\u00e9e.<\/p>\n<\/div><\/div>\n\n\n\n<div style=\"height:29px\" aria-hidden=\"true\" class=\"wp-block-spacer\"><\/div>\n\n\n\n<div class=\"wp-block-cover alignfull\" style=\"padding-top:4%;padding-right:4%;padding-bottom:4%;padding-left:4%;min-height:400px;aspect-ratio:unset;\"><span aria-hidden=\"true\" class=\"wp-block-cover__background has-white-background-color has-background-dim-40 has-background-dim\"><\/span><img loading=\"lazy\" decoding=\"async\" width=\"2560\" height=\"1707\" class=\"wp-block-cover__image-background wp-image-963\" alt=\"\" src=\"https:\/\/candance.ca\/wp-content\/uploads\/2023\/03\/2-20230125-canDance.thecitadel-0194-scaled.jpg\" style=\"object-position:54% 19%\" data-object-fit=\"cover\" data-object-position=\"54% 19%\" srcset=\"https:\/\/candance.ca\/wp-content\/uploads\/2023\/03\/2-20230125-canDance.thecitadel-0194-scaled.jpg 2560w, https:\/\/candance.ca\/wp-content\/uploads\/2023\/03\/2-20230125-canDance.thecitadel-0194-610x407.jpg 610w, https:\/\/candance.ca\/wp-content\/uploads\/2023\/03\/2-20230125-canDance.thecitadel-0194-1240x827.jpg 1240w, https:\/\/candance.ca\/wp-content\/uploads\/2023\/03\/2-20230125-canDance.thecitadel-0194-768x512.jpg 768w, https:\/\/candance.ca\/wp-content\/uploads\/2023\/03\/2-20230125-canDance.thecitadel-0194-1536x1024.jpg 1536w, https:\/\/candance.ca\/wp-content\/uploads\/2023\/03\/2-20230125-canDance.thecitadel-0194-2048x1366.jpg 2048w, https:\/\/candance.ca\/wp-content\/uploads\/2023\/03\/2-20230125-canDance.thecitadel-0194-1568x1045.jpg 1568w\" sizes=\"auto, (max-width: 2560px) 100vw, 2560px\" \/><div class=\"wp-block-cover__inner-container is-layout-flow wp-block-cover-is-layout-flow\">\n<p class=\"has-text-align-center has-large-font-size\"><\/p>\n<\/div><\/div>\n\n\n\n<h1 class=\"alignwide has-text-align-left has-huge-font-size wp-block-heading\"><strong><strong>Je veux adh\u00e9rer. Comment proc\u00e9der\u2009?<\/strong><\/strong><\/h1>\n\n\n\n<p>Contactez-nous\u2009! Veuillez nous \u00e9crire \u00e0 office[@]candance. ca avec les informations suivantes&nbsp;:<\/p>\n\n\n\n<ul class=\"wp-block-list\">\n<li>Votre pr\u00e9sentation, et une explication de comment vous ou votre organisme r\u00e9pondez aux crit\u00e8res d\u2019admissibilit\u00e9.<\/li>\n\n\n\n<li>Une d\u00e9claration de volont\u00e9 \u00e0 assumer les responsabilit\u00e9s des membres.<\/li>\n\n\n\n<li>Quelques exemples de cachets vers\u00e9s aux artistes de danse dans les derni\u00e8res ann\u00e9es.<\/li>\n<\/ul>\n\n\n\n<p>Nous r\u00e9pondrons rapidement \u00e0 votre courriel, que nous transf\u00e8rerons au conseil d\u2019administration pour examen \u00e0 leur prochaine r\u00e9union (iels se rencontrent en moyenne chaque 6 \u00e0 8&nbsp;semaines).<\/p>\n\n\n\n<p>Veuillez nous \u00e9crire \u00e0 office[@]candance. ca si vous avez des questions sur l\u2019adh\u00e9sion.<\/p>\n\n\n\n<p style=\"font-size:12px\">Cr\u00e9dits photo : Toutes les banni\u00e8res et images de couverture, photos de Leemarc Lao<\/p>\n","protected":false},"excerpt":{"rendered":"<p>Vous souhaitez devenir membre CanDanse\u2009? Si vous pr\u00e9sentez la danse, nous vous invitons \u00e0 vous joindre \u00e0 notre r\u00e9seau de pairs. Le partage et le soutien qui qualifient le R\u00e9seau sont une source de fiert\u00e9. Nous comprenons que nous avons \u00e0 apprendre des autres et que collectivement, nous pouvons nous \u00e9pauler, r\u00e9soudre les probl\u00e8mes qui&hellip; <a class=\"more-link\" href=\"https:\/\/candance.ca\/fr\/membres\/rejoignez-le-reseau\/\">Continue reading <span class=\"screen-reader-text\">Rejoignez le reseau<\/span><\/a><\/p>\n","protected":false},"author":12,"featured_media":0,"parent":134,"menu_order":0,"comment_status":"closed","ping_status":"closed","template":"","meta":{"_acf_changed":false,"footnotes":""},"class_list":["post-618","page","type-page","status-publish","hentry","entry"],"acf":[],"_links":{"self":[{"href":"https:\/\/candance.ca\/fr\/wp-json\/wp\/v2\/pages\/618","targetHints":{"allow":["GET"]}}],"collection":[{"href":"https:\/\/candance.ca\/fr\/wp-json\/wp\/v2\/pages"}],"about":[{"href":"https:\/\/candance.ca\/fr\/wp-json\/wp\/v2\/types\/page"}],"author":[{"embeddable":true,"href":"https:\/\/candance.ca\/fr\/wp-json\/wp\/v2\/users\/12"}],"replies":[{"embeddable":true,"href":"https:\/\/candance.ca\/fr\/wp-json\/wp\/v2\/comments?post=618"}],"version-history":[{"count":0,"href":"https:\/\/candance.ca\/fr\/wp-json\/wp\/v2\/pages\/618\/revisions"}],"up":[{"embeddable":true,"href":"https:\/\/candance.ca\/fr\/wp-json\/wp\/v2\/pages\/134"}],"wp:attachment":[{"href":"https:\/\/candance.ca\/fr\/wp-json\/wp\/v2\/media?parent=618"}],"curies":[{"name":"wp","href":"https:\/\/api.w.org\/{rel}","templated":true}]}}