{"id":12,"date":"2021-06-25T21:52:30","date_gmt":"2021-06-26T01:52:30","guid":{"rendered":"https:\/\/candance.ca\/?page_id=12"},"modified":"2023-04-06T09:42:11","modified_gmt":"2023-04-06T13:42:11","slug":"reseau-candanse","status":"publish","type":"page","link":"https:\/\/candance.ca\/fr\/","title":{"rendered":"Le R\u00e9seau CanDanse"},"content":{"rendered":"\n<div class=\"wp-block-cb-carousel alignfull cb-single-slide\" data-slick=\"{&quot;slidesToShow&quot;:1,&quot;slidesToScroll&quot;:1,&quot;speed&quot;:300,&quot;arrows&quot;:true,&quot;dots&quot;:false,&quot;autoplay&quot;:false,&quot;autoplaySpeed&quot;:3000,&quot;infinite&quot;:true,&quot;responsive&quot;:[{&quot;breakpoint&quot;:769,&quot;settings&quot;:{&quot;slidesToShow&quot;:1,&quot;slidesToScroll&quot;:1}}]}\">\n<div class=\"wp-block-cb-slide\">\n<figure class=\"wp-block-image alignfull size-large is-style-twentytwentyone-image-frame\"><img loading=\"lazy\" decoding=\"async\" width=\"1240\" height=\"620\" src=\"https:\/\/candance.ca\/wp-content\/uploads\/2023\/03\/Homepage-Images-2-1240x620.png\" alt=\"\" class=\"wp-image-948\" srcset=\"https:\/\/candance.ca\/wp-content\/uploads\/2023\/03\/Homepage-Images-2-1240x620.png 1240w, https:\/\/candance.ca\/wp-content\/uploads\/2023\/03\/Homepage-Images-2-610x305.png 610w, https:\/\/candance.ca\/wp-content\/uploads\/2023\/03\/Homepage-Images-2-768x384.png 768w, https:\/\/candance.ca\/wp-content\/uploads\/2023\/03\/Homepage-Images-2-1536x768.png 1536w, https:\/\/candance.ca\/wp-content\/uploads\/2023\/03\/Homepage-Images-2-2048x1024.png 2048w, https:\/\/candance.ca\/wp-content\/uploads\/2023\/03\/Homepage-Images-2-1568x784.png 1568w\" sizes=\"auto, (max-width: 1240px) 100vw, 1240px\" \/><figcaption class=\"wp-element-caption\">This is Actively Built. Studio 303 Queer Performance Camp. Projet d\u2019\u00e9change en cr\u00e9ation &rsquo;19-20. Photo de David Wong.<\/figcaption><\/figure>\n<\/div>\n\n\n\n<div class=\"wp-block-cb-slide\">\n<figure class=\"wp-block-image alignfull size-large is-style-twentytwentyone-image-frame\"><img loading=\"lazy\" decoding=\"async\" width=\"1240\" height=\"620\" src=\"https:\/\/candance.ca\/wp-content\/uploads\/2023\/03\/Homepage-Images-4-1240x620.png\" alt=\"\" class=\"wp-image-952\" srcset=\"https:\/\/candance.ca\/wp-content\/uploads\/2023\/03\/Homepage-Images-4-1240x620.png 1240w, https:\/\/candance.ca\/wp-content\/uploads\/2023\/03\/Homepage-Images-4-610x305.png 610w, https:\/\/candance.ca\/wp-content\/uploads\/2023\/03\/Homepage-Images-4-768x384.png 768w, https:\/\/candance.ca\/wp-content\/uploads\/2023\/03\/Homepage-Images-4-1536x768.png 1536w, https:\/\/candance.ca\/wp-content\/uploads\/2023\/03\/Homepage-Images-4-2048x1024.png 2048w, https:\/\/candance.ca\/wp-content\/uploads\/2023\/03\/Homepage-Images-4-1568x784.png 1568w\" sizes=\"auto, (max-width: 1240px) 100vw, 1240px\" \/><figcaption class=\"wp-element-caption\">Dancers of Damelahamid, M\u00eenowin, Le Fonds de cr\u00e9ation&nbsp;\u00e0 petite \u00e9chelle &rsquo;18-19, photo de Anna Springate Floch<\/figcaption><\/figure>\n<\/div>\n\n\n\n<div class=\"wp-block-cb-slide\">\n<figure class=\"wp-block-image alignfull size-full is-style-twentytwentyone-image-frame\"><img loading=\"lazy\" decoding=\"async\" width=\"1024\" height=\"576\" src=\"https:\/\/candance.ca\/wp-content\/uploads\/2023\/03\/1-Bboyizm-In-My-Body-Large-Scale-CF-20-21-photo-by-Jerick-Collantes-2.jpg\" alt=\"\" class=\"wp-image-878\" srcset=\"https:\/\/candance.ca\/wp-content\/uploads\/2023\/03\/1-Bboyizm-In-My-Body-Large-Scale-CF-20-21-photo-by-Jerick-Collantes-2.jpg 1024w, https:\/\/candance.ca\/wp-content\/uploads\/2023\/03\/1-Bboyizm-In-My-Body-Large-Scale-CF-20-21-photo-by-Jerick-Collantes-2-610x343.jpg 610w, https:\/\/candance.ca\/wp-content\/uploads\/2023\/03\/1-Bboyizm-In-My-Body-Large-Scale-CF-20-21-photo-by-Jerick-Collantes-2-768x432.jpg 768w\" sizes=\"auto, (max-width: 1024px) 100vw, 1024px\" \/><figcaption class=\"wp-element-caption\">Bboyizm, In My Body, Large Scale CF &rsquo;20-21, photo by Jerick Collantes&nbsp;&nbsp;<\/figcaption><\/figure>\n<\/div>\n\n\n\n<div class=\"wp-block-cb-slide\">\n<figure class=\"wp-block-image alignfull size-large is-style-twentytwentyone-image-frame\"><img loading=\"lazy\" decoding=\"async\" width=\"1240\" height=\"620\" src=\"https:\/\/candance.ca\/wp-content\/uploads\/2023\/03\/Homepage-Images-3-1240x620.png\" alt=\"\" class=\"wp-image-949\" srcset=\"https:\/\/candance.ca\/wp-content\/uploads\/2023\/03\/Homepage-Images-3-1240x620.png 1240w, https:\/\/candance.ca\/wp-content\/uploads\/2023\/03\/Homepage-Images-3-610x305.png 610w, https:\/\/candance.ca\/wp-content\/uploads\/2023\/03\/Homepage-Images-3-768x384.png 768w, https:\/\/candance.ca\/wp-content\/uploads\/2023\/03\/Homepage-Images-3-1536x768.png 1536w, https:\/\/candance.ca\/wp-content\/uploads\/2023\/03\/Homepage-Images-3-2048x1024.png 2048w, https:\/\/candance.ca\/wp-content\/uploads\/2023\/03\/Homepage-Images-3-1568x784.png 1568w\" sizes=\"auto, (max-width: 1240px) 100vw, 1240px\" \/><figcaption class=\"wp-element-caption\">Kidd Pivot, Revisor, Large Scale CF &rsquo;18-19, photo by Michael Slobodian<\/figcaption><\/figure>\n<\/div>\n\n\n\n<div class=\"wp-block-cb-slide\">\n<figure class=\"wp-block-image alignfull size-large is-style-twentytwentyone-image-frame\"><img loading=\"lazy\" decoding=\"async\" width=\"1240\" height=\"620\" src=\"https:\/\/candance.ca\/wp-content\/uploads\/2023\/03\/Homepage-Images-5-1240x620.png\" alt=\"\" class=\"wp-image-1000\" srcset=\"https:\/\/candance.ca\/wp-content\/uploads\/2023\/03\/Homepage-Images-5-1240x620.png 1240w, https:\/\/candance.ca\/wp-content\/uploads\/2023\/03\/Homepage-Images-5-610x305.png 610w, https:\/\/candance.ca\/wp-content\/uploads\/2023\/03\/Homepage-Images-5-768x384.png 768w, https:\/\/candance.ca\/wp-content\/uploads\/2023\/03\/Homepage-Images-5-1536x768.png 1536w, https:\/\/candance.ca\/wp-content\/uploads\/2023\/03\/Homepage-Images-5-2048x1024.png 2048w, https:\/\/candance.ca\/wp-content\/uploads\/2023\/03\/Homepage-Images-5-1568x784.png 1568w\" sizes=\"auto, (max-width: 1240px) 100vw, 1240px\" \/><figcaption class=\"wp-element-caption\">Le Patin Libre, Murmuration, Large Scale CF &rsquo;21-22, photo by Nora Houguenade<\/figcaption><\/figure>\n<\/div>\n<\/div>\n\n\n\n<h2 class=\"wp-block-heading alignfull has-text-align-center\">Le r\u00e9seau national de diffuseurs de danse du Canada \u2013 se connecter et collaborer pour favoriser une \u00e9cologie de la danse florissante, durable et inclusive<\/h2>\n\n\n\n<div style=\"height:30px\" aria-hidden=\"true\" class=\"wp-block-spacer\"><\/div>\n\n\n\n<div class=\"wp-block-columns alignwide is-layout-flex wp-container-core-columns-is-layout-9d6595d7 wp-block-columns-is-layout-flex\">\n<div class=\"wp-block-column is-layout-flow wp-block-column-is-layout-flow\">\n<h4 class=\"wp-block-heading\">Le R\u00e9seau CanDanse reconna\u00eet nos partenaires financiers<\/h4>\n\n\n<div class=\"wp-block-image wp-duotone-000000-ffffff-1\">\n<figure class=\"alignleft size-full\"><img loading=\"lazy\" decoding=\"async\" width=\"1204\" height=\"154\" src=\"https:\/\/candance.ca\/wp-content\/uploads\/2022\/11\/Canadian-Heritage-Logo-Colour1.jpg\" alt=\"\" class=\"wp-image-654\" srcset=\"https:\/\/candance.ca\/wp-content\/uploads\/2022\/11\/Canadian-Heritage-Logo-Colour1.jpg 1204w, https:\/\/candance.ca\/wp-content\/uploads\/2022\/11\/Canadian-Heritage-Logo-Colour1-610x78.jpg 610w, https:\/\/candance.ca\/wp-content\/uploads\/2022\/11\/Canadian-Heritage-Logo-Colour1-768x98.jpg 768w\" sizes=\"auto, (max-width: 1204px) 100vw, 1204px\" \/><\/figure>\n<\/div>\n\n<div class=\"wp-block-image\">\n<figure class=\"alignleft size-full\"><img loading=\"lazy\" decoding=\"async\" width=\"403\" height=\"80\" src=\"https:\/\/candance.ca\/wp-content\/uploads\/2021\/07\/logo-canada-council-for-the-arts.png\" alt=\"Canada Council for the Arts\" class=\"wp-image-196\"\/><\/figure>\n<\/div>\n\n<div class=\"wp-block-image\">\n<figure class=\"alignleft size-full\"><img loading=\"lazy\" decoding=\"async\" width=\"289\" height=\"80\" src=\"https:\/\/candance.ca\/wp-content\/uploads\/2021\/07\/logo-ontario-arts-council.png\" alt=\"Ontario Arts Council\" class=\"wp-image-198\"\/><\/figure>\n<\/div><\/div>\n\n\n\n<div class=\"wp-block-column is-layout-flow wp-block-column-is-layout-flow\">\n<div class=\"wp-block-group has-white-color has-text-color has-background\" style=\"background-color:#45c2b1\"><div class=\"wp-block-group__inner-container is-layout-constrained wp-block-group-is-layout-constrained\">\n<h4 class=\"wp-block-heading has-black-color has-text-color\">Reconnaissance du territoire<\/h4>\n\n\n\n<p class=\"has-black-color has-text-color\">L\u2019\u00e9quipe et les membres du R\u00e9seau CanDanse vivent sur les territoires traditionnels des peuples autochtones qui, de tout temps, sont les gardien\u00b7nes du territoire maintenant appel\u00e9 Canada. Notre si\u00e8ge social est situ\u00e9 \u00e0 Tkaronto &#8211;  territoire traditionnel des Wendat, des Haudenosaunis, des Anichinab\u00e9s, et le territoire du trait\u00e9 des Mississaugas of the Credit.<\/p>\n<\/div><\/div>\n<\/div>\n<\/div>\n\n\n\n<p><\/p>\n","protected":false},"excerpt":{"rendered":"<p>Le r\u00e9seau national de diffuseurs de danse du Canada \u2013 se connecter et collaborer pour favoriser une \u00e9cologie de la danse florissante, durable et inclusive Le R\u00e9seau CanDanse reconna\u00eet nos partenaires financiers Reconnaissance du territoire L\u2019\u00e9quipe et les membres du R\u00e9seau CanDanse vivent sur les territoires traditionnels des peuples autochtones qui, de tout temps, sont&hellip; <a class=\"more-link\" href=\"https:\/\/candance.ca\/fr\/\">Continue reading <span class=\"screen-reader-text\">Le R\u00e9seau CanDanse<\/span><\/a><\/p>\n","protected":false},"author":1,"featured_media":0,"parent":0,"menu_order":0,"comment_status":"closed","ping_status":"closed","template":"","meta":{"_acf_changed":false,"footnotes":""},"class_list":["post-12","page","type-page","status-publish","hentry","entry"],"acf":[],"_links":{"self":[{"href":"https:\/\/candance.ca\/fr\/wp-json\/wp\/v2\/pages\/12","targetHints":{"allow":["GET"]}}],"collection":[{"href":"https:\/\/candance.ca\/fr\/wp-json\/wp\/v2\/pages"}],"about":[{"href":"https:\/\/candance.ca\/fr\/wp-json\/wp\/v2\/types\/page"}],"author":[{"embeddable":true,"href":"https:\/\/candance.ca\/fr\/wp-json\/wp\/v2\/users\/1"}],"replies":[{"embeddable":true,"href":"https:\/\/candance.ca\/fr\/wp-json\/wp\/v2\/comments?post=12"}],"version-history":[{"count":0,"href":"https:\/\/candance.ca\/fr\/wp-json\/wp\/v2\/pages\/12\/revisions"}],"wp:attachment":[{"href":"https:\/\/candance.ca\/fr\/wp-json\/wp\/v2\/media?parent=12"}],"curies":[{"name":"wp","href":"https:\/\/api.w.org\/{rel}","templated":true}]}}